{"id":18702,"date":"2024-05-28T02:56:08","date_gmt":"2024-05-28T02:56:08","guid":{"rendered":"https:\/\/whaconsultancy.com\/accueil\/"},"modified":"2026-03-02T16:47:10","modified_gmt":"2026-03-02T16:47:10","slug":"accueil","status":"publish","type":"page","link":"https:\/\/whaconsultancy.com\/fr\/","title":{"rendered":"Accueil"},"content":{"rendered":"\t\t<div data-elementor-type=\"wp-page\" data-elementor-id=\"18702\" class=\"elementor elementor-18702 elementor-5245\" data-elementor-post-type=\"page\">\n\t\t\t\t<div class=\"elementor-element elementor-element-5277b5f e-con-full e-flex wpr-particle-no wpr-jarallax-no wpr-parallax-no e-con e-parent \" data-id=\"5277b5f\" data-element_type=\"container\" data-e-type=\"container\" data-settings=\"{&quot;background_background&quot;:&quot;video&quot;,&quot;background_video_link&quot;:&quot;https:\\\/\\\/whaconsultancy.com\\\/wp-content\\\/uploads\\\/2026\\\/01\\\/video_wha.mp4&quot;,&quot;background_play_on_mobile&quot;:&quot;yes&quot;,&quot;background_video_start&quot;:0,&quot;background_video_end&quot;:50}\"><div class=\"elementor-background-video-container\">\n\t\t\t\t\t\t\t<video class=\"elementor-background-video-hosted\" role=\"presentation\" autoplay muted playsinline loop><\/video>\n\t\t\t\t\t<\/div>\t\t<div class=\"elementor-element elementor-element-009ab29 e-transform elementor-invisible elementor-widget elementor-widget-pxl_link\" data-id=\"009ab29\" data-element_type=\"widget\" data-e-type=\"widget\" data-settings=\"{&quot;motion_fx_motion_fx_scrolling&quot;:&quot;yes&quot;,&quot;motion_fx_motion_fx_mouse&quot;:&quot;yes&quot;,&quot;_animation&quot;:&quot;bounceIn&quot;,&quot;motion_fx_mouseTrack_effect&quot;:&quot;yes&quot;,&quot;motion_fx_mouseTrack_direction&quot;:&quot;negative&quot;,&quot;motion_fx_mouseTrack_speed&quot;:{&quot;unit&quot;:&quot;px&quot;,&quot;size&quot;:0.3,&quot;sizes&quot;:[]},&quot;_transform_scale_effect&quot;:{&quot;unit&quot;:&quot;px&quot;,&quot;size&quot;:1.2,&quot;sizes&quot;:[]},&quot;motion_fx_devices&quot;:[&quot;desktop&quot;,&quot;tablet&quot;,&quot;mobile&quot;],&quot;_transform_scale_effect_tablet&quot;:{&quot;unit&quot;:&quot;px&quot;,&quot;size&quot;:&quot;&quot;,&quot;sizes&quot;:[]},&quot;_transform_scale_effect_mobile&quot;:{&quot;unit&quot;:&quot;px&quot;,&quot;size&quot;:&quot;&quot;,&quot;sizes&quot;:[]}}\" data-widget_type=\"pxl_link.default\">\n\t\t\t\t<div class=\"elementor-widget-container\">\n\t\t\t\t\t    <ul class=\"pxl-link pxl-link-l1 default  pxl-block wow skewInDown\" data-wow-delay=\"ms\" data-wow-duration=\"0.9s\">\r\n                        <li>\r\n                    <a href=\"https:\/\/whaconsultancy.com\/por-que-wha\/\">\r\n                                                <span>POURQUOI WHA ?<\/span>\r\n                    <\/a>\r\n                <\/li>\r\n                        <li>\r\n                    <a href=\"https:\/\/whaconsultancy.com\/que-hacemos\/\">\r\n                                                <span>QUE FAISONS-NOUS ?<\/span>\r\n                    <\/a>\r\n                <\/li>\r\n                        <li>\r\n                    <a >\r\n                                                <span>EXP\u00c9RIENCE<\/span>\r\n                    <\/a>\r\n                <\/li>\r\n                        <li>\r\n                    <a href=\"https:\/\/whaconsultancy.com\/equipo\/\">\r\n                                                <span>\u00c9QUIPE WHA<\/span>\r\n                    <\/a>\r\n                <\/li>\r\n                        <li>\r\n                    <a href=\"https:\/\/whaconsultancy.com\/voluntariado\/\">\r\n                                                <span>B\u00c9N\u00c9VOLAT<\/span>\r\n                    <\/a>\r\n                <\/li>\r\n            <\/ul>\r\n\t\t\t\t<\/div>\n\t\t\t\t<\/div>\n\t\t\t\t<\/div>\r\n\t\t\t\t<\/div>\n\t\t","protected":false},"excerpt":{"rendered":"<p>POURQUOI WHA ? QUE FAISONS-NOUS ? EXP\u00c9RIENCE \u00c9QUIPE WHA B\u00c9N\u00c9VOLAT<\/p>\n","protected":false},"author":1,"featured_media":0,"parent":0,"menu_order":0,"comment_status":"closed","ping_status":"closed","template":"","meta":{"footnotes":""},"class_list":["post-18702","page","type-page","status-publish","hentry"],"_links":{"self":[{"href":"https:\/\/whaconsultancy.com\/fr\/wp-json\/wp\/v2\/pages\/18702","targetHints":{"allow":["GET"]}}],"collection":[{"href":"https:\/\/whaconsultancy.com\/fr\/wp-json\/wp\/v2\/pages"}],"about":[{"href":"https:\/\/whaconsultancy.com\/fr\/wp-json\/wp\/v2\/types\/page"}],"author":[{"embeddable":true,"href":"https:\/\/whaconsultancy.com\/fr\/wp-json\/wp\/v2\/users\/1"}],"replies":[{"embeddable":true,"href":"https:\/\/whaconsultancy.com\/fr\/wp-json\/wp\/v2\/comments?post=18702"}],"version-history":[{"count":10,"href":"https:\/\/whaconsultancy.com\/fr\/wp-json\/wp\/v2\/pages\/18702\/revisions"}],"predecessor-version":[{"id":18984,"href":"https:\/\/whaconsultancy.com\/fr\/wp-json\/wp\/v2\/pages\/18702\/revisions\/18984"}],"wp:attachment":[{"href":"https:\/\/whaconsultancy.com\/fr\/wp-json\/wp\/v2\/media?parent=18702"}],"curies":[{"name":"wp","href":"https:\/\/api.w.org\/{rel}","templated":true}]}}